{"id":271,"date":"2021-06-24T18:00:06","date_gmt":"2021-06-24T16:00:06","guid":{"rendered":"http:\/\/creazen.fr\/?page_id=271"},"modified":"2026-02-25T18:12:57","modified_gmt":"2026-02-25T17:12:57","slug":"qui-suis-je","status":"publish","type":"page","link":"https:\/\/creazen.fr\/index.php\/qui-suis-je\/","title":{"rendered":"Qui suis-je"},"content":{"rendered":"\t\t<div data-elementor-type=\"wp-page\" data-elementor-id=\"271\" class=\"elementor elementor-271\">\n\t\t\t\t\t\t<section class=\"elementor-section elementor-top-section elementor-element elementor-element-f7a4d8b elementor-section-boxed elementor-section-height-default elementor-section-height-default\" data-id=\"f7a4d8b\" data-element_type=\"section\" data-e-type=\"section\">\n\t\t\t\t\t\t<div class=\"elementor-container elementor-column-gap-default\">\n\t\t\t\t\t<div class=\"elementor-column elementor-col-100 elementor-top-column elementor-element elementor-element-e0c9d0e\" data-id=\"e0c9d0e\" data-element_type=\"column\" data-e-type=\"column\">\n\t\t\t<div class=\"elementor-widget-wrap\">\n\t\t\t\t\t\t\t<\/div>\n\t\t<\/div>\n\t\t\t\t\t<\/div>\n\t\t<\/section>\n\t\t\t\t<section class=\"elementor-section elementor-top-section elementor-element elementor-element-a4da449 elementor-section-boxed elementor-section-height-default elementor-section-height-default\" data-id=\"a4da449\" data-element_type=\"section\" data-e-type=\"section\">\n\t\t\t\t\t\t<div class=\"elementor-container elementor-column-gap-default\">\n\t\t\t\t\t<div class=\"elementor-column elementor-col-50 elementor-top-column elementor-element elementor-element-9223d32\" data-id=\"9223d32\" data-element_type=\"column\" data-e-type=\"column\">\n\t\t\t<div class=\"elementor-widget-wrap elementor-element-populated\">\n\t\t\t\t\t\t<div class=\"elementor-element elementor-element-4c626a0 elementor-widget elementor-widget-image\" data-id=\"4c626a0\" data-element_type=\"widget\" data-e-type=\"widget\" data-widget_type=\"image.default\">\n\t\t\t\t<div class=\"elementor-widget-container\">\n\t\t\t\t\t\t\t\t\t\t\t\t\t\t\t<img fetchpriority=\"high\" decoding=\"async\" width=\"492\" height=\"583\" src=\"https:\/\/creazen.fr\/wp-content\/uploads\/2024\/04\/about.png\" class=\"attachment-large size-large wp-image-7992\" alt=\"\" srcset=\"https:\/\/creazen.fr\/wp-content\/uploads\/2024\/04\/about.png 492w, https:\/\/creazen.fr\/wp-content\/uploads\/2024\/04\/about-253x300.png 253w\" sizes=\"(max-width: 492px) 100vw, 492px\" \/>\t\t\t\t\t\t\t\t\t\t\t\t\t\t\t<\/div>\n\t\t\t\t<\/div>\n\t\t\t\t\t<\/div>\n\t\t<\/div>\n\t\t\t\t<div class=\"elementor-column elementor-col-50 elementor-top-column elementor-element elementor-element-7f5288a\" data-id=\"7f5288a\" data-element_type=\"column\" data-e-type=\"column\">\n\t\t\t<div class=\"elementor-widget-wrap elementor-element-populated\">\n\t\t\t\t\t\t<div class=\"elementor-element elementor-element-d8d03a6 elementor-widget elementor-widget-text-editor\" data-id=\"d8d03a6\" data-element_type=\"widget\" data-e-type=\"widget\" data-widget_type=\"text-editor.default\">\n\t\t\t\t<div class=\"elementor-widget-container\">\n\t\t\t\t\t\t\t\t\t<div class=\"elementor-widget-container\"><p style=\"text-align: justify;\"><span style=\"font-size: 12mm; font-weight: bold; color: #7392a9; font-family: economica;\">Me pr\u00e9senter\u2026<\/span><\/p><p class=\"interligne\"><span style=\"font-size: 2.1em; font-weight: bold; color: grey;\">C\u2019est toute une histoire !<\/span><\/p><p><span style=\"font-weight: 300; font-size: 1.2em; color: #000000;\"><strong>Bienvenue dans cet endroit o\u00f9 l\u2019art devient langage, refuge et horizon.<\/strong><\/span><\/p><p><span style=\"font-weight: 300; font-size: 1.2em; color: #000000;\"><span style=\"text-decoration: underline;\">Artiste peintre, plasticien<\/span> aujourd\u2019hui je cr\u00e9e pour donner forme \u00e0 ce qui se cache et se murmure sous la surface.<\/span><\/p><p><span style=\"font-weight: 300; font-size: 1.2em; color: #000000;\">Dans mes \u0153uvres, les couleurs deviennent des aventures et chaque geste trace un chemin vers l\u2019invisible. J\u2019explore les fronti\u00e8res mouvantes entre le r\u00e9el et l\u2019imaginaire, l\u00e0 o\u00f9 l\u2019\u00e9motion se d\u00e9pose ouvrant un espace singulier.<\/span><\/p><p><span style=\"font-weight: 300; font-size: 1.2em; color: #000000;\">Mon travail na\u00eet d\u2019une intuition, essayant de trouver le point d\u2019\u00e9quilibre entre tension et rel\u00e2chement. Ainsi je cherche \u00e0 capturer l\u2019instant fragile o\u00f9 quelque chose se r\u00e9v\u00e8le \u2014 une m\u00e9moire, une \u00e9motion, un fragment d\u2019espace.<\/span><\/p><p><span style=\"font-weight: 300; font-size: 1.2em; color: #000000;\">J\u2019aime laisser la po\u00e9sie guider ma main, mon regard, offrant \u00e0 l\u2019\u0153il un espace pour simplement respirer.<\/span><\/p><p><span style=\"font-weight: 300; font-size: 1.2em; color: #000000;\">Ainsi chaque projet est pour moi une invitation \u00e0 exp\u00e9rimenter, \u00e0 questionner et \u00e0 raconter : une travers\u00e9e po\u00e9tique en somme !<\/span><\/p><\/div>\t\t\t\t\t\t\t\t<\/div>\n\t\t\t\t<\/div>\n\t\t\t\t\t<\/div>\n\t\t<\/div>\n\t\t\t\t\t<\/div>\n\t\t<\/section>\n\t\t\t\t<section class=\"elementor-section elementor-top-section elementor-element elementor-element-a675ea6 elementor-section-boxed elementor-section-height-default elementor-section-height-default\" data-id=\"a675ea6\" data-element_type=\"section\" data-e-type=\"section\">\n\t\t\t\t\t\t<div class=\"elementor-container elementor-column-gap-default\">\n\t\t\t\t\t<div class=\"elementor-column elementor-col-100 elementor-top-column elementor-element elementor-element-4ed2082\" data-id=\"4ed2082\" data-element_type=\"column\" data-e-type=\"column\">\n\t\t\t<div class=\"elementor-widget-wrap elementor-element-populated\">\n\t\t\t\t\t\t<div class=\"elementor-element elementor-element-d51759e elementor-widget elementor-widget-spacer\" data-id=\"d51759e\" data-element_type=\"widget\" data-e-type=\"widget\" data-widget_type=\"spacer.default\">\n\t\t\t\t<div class=\"elementor-widget-container\">\n\t\t\t\t\t\t\t<div class=\"elementor-spacer\">\n\t\t\t<div class=\"elementor-spacer-inner\"><\/div>\n\t\t<\/div>\n\t\t\t\t\t\t<\/div>\n\t\t\t\t<\/div>\n\t\t\t\t\t<\/div>\n\t\t<\/div>\n\t\t\t\t\t<\/div>\n\t\t<\/section>\n\t\t\t\t<section class=\"elementor-section elementor-top-section elementor-element elementor-element-3b2aa85 elementor-section-boxed elementor-section-height-default elementor-section-height-default\" data-id=\"3b2aa85\" data-element_type=\"section\" data-e-type=\"section\">\n\t\t\t\t\t\t<div class=\"elementor-container elementor-column-gap-default\">\n\t\t\t\t\t<div class=\"elementor-column elementor-col-100 elementor-top-column elementor-element elementor-element-709a4ff\" data-id=\"709a4ff\" data-element_type=\"column\" data-e-type=\"column\">\n\t\t\t<div class=\"elementor-widget-wrap elementor-element-populated\">\n\t\t\t\t\t\t<div class=\"elementor-element elementor-element-5f878b1 elementor-widget elementor-widget-text-editor\" data-id=\"5f878b1\" data-element_type=\"widget\" data-e-type=\"widget\" data-widget_type=\"text-editor.default\">\n\t\t\t\t<div class=\"elementor-widget-container\">\n\t\t\t\t\t\t\t\t\t<p style=\"text-align: justify;\"><span style=\"font-size: 2.5em; font-weight: bold; color: #7392a9; font-family: economica;\">Le changement<\/span><\/p><p><span style=\"font-weight: 300; font-size: 1.2em; color: #000000;\">Dans les ann\u00e9es 90 j&rsquo;ai exerc\u00e9 les m\u00e9tiers d&rsquo;artiste peintre et de d\u00e9corateur sc\u00e9nographe. Mes oeuvres ont \u00e9t\u00e9 expos\u00e9es et pr\u00e9sent\u00e9es en france mais aussi \u00e0 l&rsquo;\u00e9tranger.<\/span><\/p><p><span style=\"font-weight: 300; font-size: 1.2em; color: #000000;\"><strong>C\u2019est en 2002 que je commence ma transition professionnelle,<\/strong> en int\u00e9grant l&rsquo;\u00c9ducation nationale pour un poste d&rsquo;enseignant en arts graphiques pour des classes de M\u00e9tiers d&rsquo;Art option \u00ab\u00a0Graphisme et D\u00e9cors\u00a0\u00bb, fonction que j&rsquo;ai assur\u00e9 jusqu&rsquo;en 2021.<\/span><span style=\"font-weight: 300; font-size: 1.2em; color: #000000;\"><br \/>Ainsi j&rsquo;ai pu approfondir mes connaissances en :<\/span><span style=\"font-weight: 300; font-size: 1.2em; color: #000000;\"><br \/>\u25ba D\u00e9cors peints<\/span><br \/><span style=\"font-weight: 300; font-size: 1.2em; color: #000000;\">\u25ba S\u00e9rigraphie<\/span><br \/><span style=\"font-weight: 300; font-size: 1.2em; color: #000000;\">\u25ba Histoire de l&rsquo;art<\/span><br \/><span style=\"font-weight: 300; font-size: 1.2em; color: #000000;\">\u25ba Technologie associ\u00e9 au m\u00e9tier de graphiste-d\u00e9corateur<\/span><\/p><p><span style=\"font-weight: 300; font-size: 1.2em; color: #000000;\">Voil\u00e0 ! Vous savez \u00e0 peu pr\u00e8s tout\u2026<\/span><\/p><p><span style=\"font-weight: 300; font-size: 1.2em; color: #000000;\"><em>Au plaisir de faire votre connaissance et d&rsquo;\u00e9changer avec vous.<\/em> \u263a<\/span><\/p>\t\t\t\t\t\t\t\t<\/div>\n\t\t\t\t<\/div>\n\t\t\t\t\t<\/div>\n\t\t<\/div>\n\t\t\t\t\t<\/div>\n\t\t<\/section>\n\t\t\t\t<\/div>\n\t\t","protected":false},"excerpt":{"rendered":"<p>Me pr\u00e9senter\u2026 C\u2019est toute une histoire ! Bienvenue dans cet endroit o\u00f9 l\u2019art devient langage, refuge et horizon. Artiste peintre, plasticien aujourd\u2019hui je cr\u00e9e pour donner forme \u00e0 ce qui se cache et se murmure sous la surface. Dans mes \u0153uvres, les couleurs deviennent des aventures et chaque geste trace un chemin vers l\u2019invisible. J\u2019explore [&hellip;]<\/p>\n","protected":false},"author":1,"featured_media":0,"parent":0,"menu_order":0,"comment_status":"closed","ping_status":"closed","template":"elementor_theme","meta":{"ocean_post_layout":"","ocean_both_sidebars_style":"","ocean_both_sidebars_content_width":0,"ocean_both_sidebars_sidebars_width":0,"ocean_sidebar":"0","ocean_second_sidebar":"0","ocean_disable_margins":"enable","ocean_add_body_class":"","ocean_shortcode_before_top_bar":"","ocean_shortcode_after_top_bar":"","ocean_shortcode_before_header":"","ocean_shortcode_after_header":"","ocean_has_shortcode":"","ocean_shortcode_after_title":"","ocean_shortcode_before_footer_widgets":"","ocean_shortcode_after_footer_widgets":"","ocean_shortcode_before_footer_bottom":"","ocean_shortcode_after_footer_bottom":"","ocean_display_top_bar":"default","ocean_display_header":"default","ocean_header_style":"","ocean_center_header_left_menu":"0","ocean_custom_header_template":"0","ocean_custom_logo":0,"ocean_custom_retina_logo":0,"ocean_custom_logo_max_width":0,"ocean_custom_logo_tablet_max_width":0,"ocean_custom_logo_mobile_max_width":0,"ocean_custom_logo_max_height":0,"ocean_custom_logo_tablet_max_height":0,"ocean_custom_logo_mobile_max_height":0,"ocean_header_custom_menu":"0","ocean_menu_typo_font_family":"0","ocean_menu_typo_font_subset":"","ocean_menu_typo_font_size":0,"ocean_menu_typo_font_size_tablet":0,"ocean_menu_typo_font_size_mobile":0,"ocean_menu_typo_font_size_unit":"px","ocean_menu_typo_font_weight":"","ocean_menu_typo_font_weight_tablet":"","ocean_menu_typo_font_weight_mobile":"","ocean_menu_typo_transform":"","ocean_menu_typo_transform_tablet":"","ocean_menu_typo_transform_mobile":"","ocean_menu_typo_line_height":0,"ocean_menu_typo_line_height_tablet":0,"ocean_menu_typo_line_height_mobile":0,"ocean_menu_typo_line_height_unit":"","ocean_menu_typo_spacing":0,"ocean_menu_typo_spacing_tablet":0,"ocean_menu_typo_spacing_mobile":0,"ocean_menu_typo_spacing_unit":"","ocean_menu_link_color":"","ocean_menu_link_color_hover":"","ocean_menu_link_color_active":"","ocean_menu_link_background":"","ocean_menu_link_hover_background":"","ocean_menu_link_active_background":"","ocean_menu_social_links_bg":"","ocean_menu_social_hover_links_bg":"","ocean_menu_social_links_color":"","ocean_menu_social_hover_links_color":"","ocean_disable_title":"default","ocean_disable_heading":"default","ocean_post_title":"","ocean_post_subheading":"","ocean_post_title_style":"","ocean_post_title_background_color":"","ocean_post_title_background":0,"ocean_post_title_bg_image_position":"","ocean_post_title_bg_image_attachment":"","ocean_post_title_bg_image_repeat":"","ocean_post_title_bg_image_size":"","ocean_post_title_height":0,"ocean_post_title_bg_overlay":0.5,"ocean_post_title_bg_overlay_color":"","ocean_disable_breadcrumbs":"default","ocean_breadcrumbs_color":"","ocean_breadcrumbs_separator_color":"","ocean_breadcrumbs_links_color":"","ocean_breadcrumbs_links_hover_color":"","ocean_display_footer_widgets":"default","ocean_display_footer_bottom":"default","ocean_custom_footer_template":"0","ofc_enable_fullscreen":"disable","ofc_fullscreen_speed":0,"ofc_fullscreen_nav":"enable","ofc_fullscreen_nav_pos":"right","ofc_fullscreen_nav_color":"","ofc_fullscreen_nav_tooltip_color":"","ofc_fullscreen_responsive":0,"osh_disable_topbar_sticky":"default","osh_disable_header_sticky":"default","osh_sticky_header_style":"default","osh_sticky_header_effect":"","osh_custom_sticky_logo":0,"osh_custom_retina_sticky_logo":0,"osh_custom_sticky_logo_height":0,"osh_background_color":"","osh_links_color":"","osh_links_hover_color":"","osh_links_active_color":"","osh_links_bg_color":"","osh_links_hover_bg_color":"","osh_links_active_bg_color":"","osh_menu_social_links_color":"","osh_menu_social_hover_links_color":"","footnotes":""},"class_list":["post-271","page","type-page","status-publish","hentry","entry"],"_links":{"self":[{"href":"https:\/\/creazen.fr\/index.php\/wp-json\/wp\/v2\/pages\/271","targetHints":{"allow":["GET"]}}],"collection":[{"href":"https:\/\/creazen.fr\/index.php\/wp-json\/wp\/v2\/pages"}],"about":[{"href":"https:\/\/creazen.fr\/index.php\/wp-json\/wp\/v2\/types\/page"}],"author":[{"embeddable":true,"href":"https:\/\/creazen.fr\/index.php\/wp-json\/wp\/v2\/users\/1"}],"replies":[{"embeddable":true,"href":"https:\/\/creazen.fr\/index.php\/wp-json\/wp\/v2\/comments?post=271"}],"version-history":[{"count":123,"href":"https:\/\/creazen.fr\/index.php\/wp-json\/wp\/v2\/pages\/271\/revisions"}],"predecessor-version":[{"id":8686,"href":"https:\/\/creazen.fr\/index.php\/wp-json\/wp\/v2\/pages\/271\/revisions\/8686"}],"wp:attachment":[{"href":"https:\/\/creazen.fr\/index.php\/wp-json\/wp\/v2\/media?parent=271"}],"curies":[{"name":"wp","href":"https:\/\/api.w.org\/{rel}","templated":true}]}}