{"id":8008,"date":"2024-04-22T17:26:37","date_gmt":"2024-04-22T15:26:37","guid":{"rendered":"http:\/\/creazen.fr\/?page_id=8008"},"modified":"2024-11-16T17:02:01","modified_gmt":"2024-11-16T16:02:01","slug":"histoire-tsas-tsas","status":"publish","type":"page","link":"https:\/\/creazen.fr\/index.php\/histoire-tsas-tsas\/","title":{"rendered":"Histoire tsas-tsas"},"content":{"rendered":"\t\t<div data-elementor-type=\"wp-page\" data-elementor-id=\"8008\" class=\"elementor elementor-8008\">\n\t\t\t\t\t\t<section class=\"elementor-section elementor-top-section elementor-element elementor-element-7a0c967 elementor-section-boxed elementor-section-height-default elementor-section-height-default\" data-id=\"7a0c967\" data-element_type=\"section\" data-e-type=\"section\">\n\t\t\t\t\t\t<div class=\"elementor-container elementor-column-gap-default\">\n\t\t\t\t\t<div class=\"elementor-column elementor-col-100 elementor-top-column elementor-element elementor-element-915962f\" data-id=\"915962f\" data-element_type=\"column\" data-e-type=\"column\">\n\t\t\t<div class=\"elementor-widget-wrap elementor-element-populated\">\n\t\t\t\t\t\t<div class=\"elementor-element elementor-element-1fef487 elementor-widget elementor-widget-spacer\" data-id=\"1fef487\" data-element_type=\"widget\" data-e-type=\"widget\" data-widget_type=\"spacer.default\">\n\t\t\t\t<div class=\"elementor-widget-container\">\n\t\t\t\t\t\t\t<div class=\"elementor-spacer\">\n\t\t\t<div class=\"elementor-spacer-inner\"><\/div>\n\t\t<\/div>\n\t\t\t\t\t\t<\/div>\n\t\t\t\t<\/div>\n\t\t\t\t\t<\/div>\n\t\t<\/div>\n\t\t\t\t\t<\/div>\n\t\t<\/section>\n\t\t\t\t<section class=\"elementor-section elementor-top-section elementor-element elementor-element-bc17e03 elementor-section-boxed elementor-section-height-default elementor-section-height-default\" data-id=\"bc17e03\" data-element_type=\"section\" data-e-type=\"section\">\n\t\t\t\t\t\t<div class=\"elementor-container elementor-column-gap-default\">\n\t\t\t\t\t<div class=\"elementor-column elementor-col-100 elementor-top-column elementor-element elementor-element-7dddebb\" data-id=\"7dddebb\" data-element_type=\"column\" data-e-type=\"column\">\n\t\t\t<div class=\"elementor-widget-wrap elementor-element-populated\">\n\t\t\t\t\t\t<div class=\"elementor-element elementor-element-ffc43a9 elementor-widget elementor-widget-heading\" data-id=\"ffc43a9\" data-element_type=\"widget\" data-e-type=\"widget\" data-widget_type=\"heading.default\">\n\t\t\t\t<div class=\"elementor-widget-container\">\n\t\t\t\t\t<h2 class=\"elementor-heading-title elementor-size-default\">A propos des tsas-tsas<\/h2>\t\t\t\t<\/div>\n\t\t\t\t<\/div>\n\t\t\t\t\t<\/div>\n\t\t<\/div>\n\t\t\t\t\t<\/div>\n\t\t<\/section>\n\t\t\t\t<section class=\"elementor-section elementor-top-section elementor-element elementor-element-c995a29 elementor-section-boxed elementor-section-height-default elementor-section-height-default\" data-id=\"c995a29\" data-element_type=\"section\" data-e-type=\"section\">\n\t\t\t\t\t\t<div class=\"elementor-container elementor-column-gap-custom\">\n\t\t\t\t\t<div class=\"elementor-column elementor-col-50 elementor-top-column elementor-element elementor-element-6279f85\" data-id=\"6279f85\" data-element_type=\"column\" data-e-type=\"column\">\n\t\t\t<div class=\"elementor-widget-wrap elementor-element-populated\">\n\t\t\t\t\t\t<div class=\"elementor-element elementor-element-b93adae elementor-widget elementor-widget-text-editor\" data-id=\"b93adae\" data-element_type=\"widget\" data-e-type=\"widget\" data-widget_type=\"text-editor.default\">\n\t\t\t\t<div class=\"elementor-widget-container\">\n\t\t\t\t\t\t\t\t\t<p>Les tsas-tsas ou sa-tstsha (sa tstsa) mais aussi (tswa tswa)&#8230; Elles n&rsquo;ont aucune signification en tib\u00e9tain, \u00e0 l&rsquo;exception de la <strong>syllabe sa <\/strong>dans certains de ses \u00e9crits qui signifie <strong>formes, qui d\u00e9signent le sol<\/strong>.<\/p><p>Leur nom tib\u00e9tain est probablement tir\u00e9 d\u2019une expression sanskrite <strong>saccha<\/strong> traduite par \u201cexcellente image \u201d.<\/p><p>Ceux sont de petites sculptures\u00a0 proches des bas-reliefs r\u00e9alis\u00e9es traditionnellement en argile dans des moules (<span style=\"vertical-align: inherit;\"><span style=\"vertical-align: inherit;\"><em>\u00ab\u00a0Cashigong\u00a0\u00bb en tib\u00e9tain<\/em>)<\/span><\/span> en laiton, bronze parfois en bois, puis s\u00e9ch\u00e9es au soleil plus rarement cuites. Elles utilis\u00e9es dans\u00a0le bouddhisme tib\u00e9tain.<\/p><p>Ainsi la production de tsa-tsa est consid\u00e9r\u00e9e comme une action m\u00e9ritoire, qui g\u00e9n\u00e8re une dose abondante de bon augure pour le cr\u00e9ateur, sa famille et la zone imm\u00e9diate o\u00f9 se d\u00e9roule l&rsquo;\u0153uvre. Parfois, un p\u00e8lerin reste dans un lieu pendant des semaines ou des mois en pressant un nombre propice de sculptures. Elles sont ensuite d\u00e9pos\u00e9es comme offrandes sur les rebords d&rsquo;un stupa, \u00e0 l&rsquo;int\u00e9rieur des portes du stupa, dans une grotte sacr\u00e9e, sur des niches de moulins \u00e0 pri\u00e8res dans le chemin de d\u00e9ambulation d&rsquo;un monast\u00e8re, ou dans les creux des murs de pierre sculpt\u00e9s de pri\u00e8res bordant le chemin.<\/p>\t\t\t\t\t\t\t\t<\/div>\n\t\t\t\t<\/div>\n\t\t\t\t<div class=\"elementor-element elementor-element-5f12fa2 elementor-widget elementor-widget-image\" data-id=\"5f12fa2\" data-element_type=\"widget\" data-e-type=\"widget\" data-widget_type=\"image.default\">\n\t\t\t\t<div class=\"elementor-widget-container\">\n\t\t\t\t\t\t\t\t\t\t\t\t\t\t\t<img fetchpriority=\"high\" decoding=\"async\" width=\"400\" height=\"300\" src=\"https:\/\/creazen.fr\/wp-content\/uploads\/2024\/04\/tsa8.jpg\" class=\"attachment-large size-large wp-image-8010\" alt=\"\" srcset=\"https:\/\/creazen.fr\/wp-content\/uploads\/2024\/04\/tsa8.jpg 400w, https:\/\/creazen.fr\/wp-content\/uploads\/2024\/04\/tsa8-300x225.jpg 300w\" sizes=\"(max-width: 400px) 100vw, 400px\" \/>\t\t\t\t\t\t\t\t\t\t\t\t\t\t\t<\/div>\n\t\t\t\t<\/div>\n\t\t\t\t<div class=\"elementor-element elementor-element-29d823d elementor-widget elementor-widget-text-editor\" data-id=\"29d823d\" data-element_type=\"widget\" data-e-type=\"widget\" data-widget_type=\"text-editor.default\">\n\t\t\t\t<div class=\"elementor-widget-container\">\n\t\t\t\t\t\t\t\t\t<p>Les premieres tsas-tsas du 9eme-10eme si\u00e8cle repr\u00e9sentaient principalement des stupas et \u00e9taient souvent accompagn\u00e9es d&rsquo;inscriptions, parfois avec le mantra \u00ab\u00a0<strong>Om mani padme Hung<\/strong>.\u00a0\u00bb<br \/>A l&rsquo;\u00e9poque elles \u00e9taient probablement li\u00e9es aux p\u00e8lerinages de stupas et il semble probable que les stupas repr\u00e9sent\u00e9s sur les tsas-tsas n&rsquo;\u00e9taient pas des images de stupas abstraits, mais ceux de lieux tr\u00e8s concrets, o\u00f9 les p\u00e8lerins avaient l&rsquo;habitude de voyager. Avec le temps les tsas-tsas repr\u00e9sentant des divinit\u00e9s deviennent plus fr\u00e9quentes : le stupa est aujourd&rsquo;hui repr\u00e9sent\u00e9 par des tsas-tsas de forme conique, souvent avec 108 stupas plus petits.<\/p><p>Du 17eme \u00e0 la fin du 19eme si\u00e8cle les moules Tsa Tsa, sont une bonne base aux artistes pour apprendre et pratiquer, et permettant ainsi au niveau artistique du bouddhisme tib\u00e9tain d&rsquo;atteindre son apog\u00e9e. Le d\u00e9veloppement de Tsa Tsa a commenc\u00e9 \u00e0 entrer dans la p\u00e9riode des tr\u00e9sors artistiques. Les Tsa Tsas de cette p\u00e9riode pr\u00e9sentaient une conception rigoureuse, une mise en page soign\u00e9e, une image d\u00e9licate, une iconographie \u00e0 l&rsquo;expression s\u00e9rieuse et un fond plat. De nombreux tr\u00e9sors artistiques raffin\u00e9s de Tsa Tsa ont \u00e9t\u00e9 produits au cours de cette p\u00e9riode.<\/p><p>Cependant, les moules cr\u00e9\u00e9s par certains artistes folkloriques \u00e9taient relativement simples, naturels, vifs, pleins de temp\u00e9rament et d&rsquo;int\u00e9r\u00eat folkloriques et libres de contraintes.<\/p><p><span>Les tsas-tsas sont parfois color\u00e9es et peuvent \u00eatre consacr\u00e9es en ins\u00e9rant un rouleau de pri\u00e8res ou de mantras dans un espace creux \u00e0 la base. Ils peuvent \u00e9galement obtenir du pouvoir en imprimant ou en \u00e9crivant un mantra au dos. Par la suite, la tsa-tsa n&rsquo;est pas trait\u00e9e diff\u00e9remment des autres images sacr\u00e9es. Gr\u00e2ce \u00e0 une action propice, l\u2019argile ordinaire se transforme en un r\u00e9ceptacle de pouvoir sacr\u00e9.<\/span><\/p>\t\t\t\t\t\t\t\t<\/div>\n\t\t\t\t<\/div>\n\t\t\t\t\t<\/div>\n\t\t<\/div>\n\t\t\t\t<div class=\"elementor-column elementor-col-50 elementor-top-column elementor-element elementor-element-93aa0fb\" data-id=\"93aa0fb\" data-element_type=\"column\" data-e-type=\"column\">\n\t\t\t<div class=\"elementor-widget-wrap elementor-element-populated\">\n\t\t\t\t\t\t<div class=\"elementor-element elementor-element-40276dc elementor-widget elementor-widget-text-editor\" data-id=\"40276dc\" data-element_type=\"widget\" data-e-type=\"widget\" data-widget_type=\"text-editor.default\">\n\t\t\t\t<div class=\"elementor-widget-container\">\n\t\t\t\t\t\t\t\t\t<p><span style=\"text-decoration: underline;\"><strong>Types de tsha-tsha et leur apparence <\/strong><\/span><\/p><p>Par commodit\u00e9 on peut diviser les tsas-tsas en trois groupes g\u00e9n\u00e9raux selon leur usage et leurs fa\u00e7ons de les produire.<\/p><p>I. Tsa-tsa fun\u00e9raire.<br \/>II. Tha-tsa d\u2019offrande.<br \/>III. Tsa-tsa de protection.<\/p><ul><li style=\"list-style-type: none;\"><ul><li><strong>I.\u00a0 Les tsas-tsas fun\u00e9raires<\/strong> sont fabriqu\u00e9es \u00e0 partir des cendres des la\u00efcs apr\u00e8s leur cr\u00e9mation. Leurs os sont r\u00e9duits en poudre et m\u00e9lang\u00e9s \u00e0 de la terre. Ces tsas-tsas ne sont conserv\u00e9es que dans certains endroits sp\u00e9cifiques, par ex. dans les grottes ou dans les stupas fun\u00e9raires.<br \/>Un autre type de type fun\u00e9railles sont les tsas-tsas fabriqu\u00e9es \u00e0 partir de l\u2019argile avec de la cendre provenant de feuilles br\u00fbl\u00e9es de textes religieux tib\u00e9tains utilis\u00e9s lors de c\u00e9r\u00e9monies fun\u00e9raires. Personne ne touche aux tsas-tsas fun\u00e9raires et on les laisse se d\u00e9composer.<br \/>Les tsa-tsas fun\u00e9raires des ma\u00eetres de haut rang sont produits de la m\u00eame mani\u00e8re, mais peuvent \u00e9galement \u00eatre donn\u00e9es aux disciples d&rsquo;un enseignant d\u00e9c\u00e9d\u00e9 et repr\u00e9sentent alors le lien entre l&rsquo;enseignant et son disciple.<\/li><\/ul><\/li><\/ul><ul><li style=\"list-style-type: none;\"><ul><li><strong>II.\u00a0\u00a0 Les tsas-tsas d&rsquo;offrande<\/strong> sont faites d&rsquo;argile et d&rsquo;autres ingr\u00e9dients usuels sous forme de grains, eau safran\u00e9e et pierres pr\u00e9cieuses broy\u00e9es sans y ajouter les restes de corps d\u00e9c\u00e9d\u00e9s. Les Tib\u00e9tains peuvent les obtenir dans les monast\u00e8res et dans leurs lieux saints. Ils pourraient \u00eatre produits \u00e0 la fois par des moines et des la\u00efcs. Elles peuvent \u00eatre utilis\u00e9es \u00e0 diverses occasions, par exemple comme moyen de gu\u00e9rir des maladies.<br \/>Un type tr\u00e8s inhabituel de tsas-tsas pourrait \u00eatre li\u00e9 \u00e0 ce groupe aussi. Ce sont des \u201cchu tsa\u201d <em>(tsas-tsas d&rsquo;eau)<\/em>, qui sont produites en pressant le moule <em>(appel\u00e9 \u00ab\u00a0sceau\u00a0\u00bb, rgya)<\/em> \u00e0 la surface de la rivi\u00e8re. Des tsas-tsas invisibles sont ainsi produits et emport\u00e9es par le courant.<\/li><\/ul><\/li><\/ul><ul><li style=\"list-style-type: none;\"><ul><li><strong>III.\u00a0\u00a0 Les tsas-tsas protectrices<\/strong> sont, comme celles d&rsquo;offrande, faites sans ajout de restes des corps des d\u00e9funts. Leur r\u00f4le protecteur est conf\u00e9r\u00e9 principalement par la b\u00e9n\u00e9diction d&rsquo;un ma\u00eetre. Elles sont mises dans des gau (ga u), petites bo\u00eetes renfermant des objets rituels, pour \u00eatre conserv\u00e9es soit pendues autour du cou.<br \/>En cas de maladie, un tr\u00e8s petit morceau de tsa-tsa est alors mang\u00e9.Les endroits o\u00f9 sont plac\u00e9es les tsas-tsas <em>(principalement des offrandes et des fun\u00e9railles)<\/em> comprennent les rochers sur les lieux de p\u00e8lerinage, grottes, stupas, etc.<br \/>Des centaines voire des milliers de tsas-tsas sont souvent ins\u00e9r\u00e9es dans le corps principal des stupas lors de leur construction. Les tsas-tsas sont \u00e9galement plac\u00e9es \u00e0 l&rsquo;int\u00e9rieur des temples et sur les autels domestiques. Les gens ram\u00e8nent parfois des tsas-tsas \u00e0 la maison comme une sorte de souvenir d&rsquo;un lieu saint qu&rsquo;ils ont visit\u00e9 pendant le p\u00e8lerinage et cela repr\u00e9sente un lien spirituel avec le lieu visit\u00e9.<br \/>Les formes, les tailles et les couleurs des tsas-tsas sont assez unifi\u00e9es dans tout le Tibet. Leurs formes les plus habituelles sont rectangulaires ou carr\u00e9es en forme de tablette, en forme de statue avec une base formant le tr\u00f4ne de lotus.<\/li><\/ul><\/li><\/ul>\t\t\t\t\t\t\t\t<\/div>\n\t\t\t\t<\/div>\n\t\t\t\t\t<\/div>\n\t\t<\/div>\n\t\t\t\t\t<\/div>\n\t\t<\/section>\n\t\t\t\t<\/div>\n\t\t","protected":false},"excerpt":{"rendered":"<p>A propos des tsas-tsas Les tsas-tsas ou sa-tstsha (sa tstsa) mais aussi (tswa tswa)&#8230; Elles n&rsquo;ont aucune signification en tib\u00e9tain, \u00e0 l&rsquo;exception de la syllabe sa dans certains de ses \u00e9crits qui signifie formes, qui d\u00e9signent le sol. Leur nom tib\u00e9tain est probablement tir\u00e9 d\u2019une expression sanskrite saccha traduite par \u201cexcellente image \u201d. Ceux sont [&hellip;]<\/p>\n","protected":false},"author":1,"featured_media":0,"parent":0,"menu_order":0,"comment_status":"closed","ping_status":"closed","template":"","meta":{"ocean_post_layout":"","ocean_both_sidebars_style":"","ocean_both_sidebars_content_width":0,"ocean_both_sidebars_sidebars_width":0,"ocean_sidebar":"","ocean_second_sidebar":"","ocean_disable_margins":"enable","ocean_add_body_class":"","ocean_shortcode_before_top_bar":"","ocean_shortcode_after_top_bar":"","ocean_shortcode_before_header":"","ocean_shortcode_after_header":"","ocean_has_shortcode":"","ocean_shortcode_after_title":"","ocean_shortcode_before_footer_widgets":"","ocean_shortcode_after_footer_widgets":"","ocean_shortcode_before_footer_bottom":"","ocean_shortcode_after_footer_bottom":"","ocean_display_top_bar":"default","ocean_display_header":"default","ocean_header_style":"","ocean_center_header_left_menu":"","ocean_custom_header_template":"","ocean_custom_logo":0,"ocean_custom_retina_logo":0,"ocean_custom_logo_max_width":0,"ocean_custom_logo_tablet_max_width":0,"ocean_custom_logo_mobile_max_width":0,"ocean_custom_logo_max_height":0,"ocean_custom_logo_tablet_max_height":0,"ocean_custom_logo_mobile_max_height":0,"ocean_header_custom_menu":"","ocean_menu_typo_font_family":"","ocean_menu_typo_font_subset":"","ocean_menu_typo_font_size":0,"ocean_menu_typo_font_size_tablet":0,"ocean_menu_typo_font_size_mobile":0,"ocean_menu_typo_font_size_unit":"px","ocean_menu_typo_font_weight":"","ocean_menu_typo_font_weight_tablet":"","ocean_menu_typo_font_weight_mobile":"","ocean_menu_typo_transform":"","ocean_menu_typo_transform_tablet":"","ocean_menu_typo_transform_mobile":"","ocean_menu_typo_line_height":0,"ocean_menu_typo_line_height_tablet":0,"ocean_menu_typo_line_height_mobile":0,"ocean_menu_typo_line_height_unit":"","ocean_menu_typo_spacing":0,"ocean_menu_typo_spacing_tablet":0,"ocean_menu_typo_spacing_mobile":0,"ocean_menu_typo_spacing_unit":"","ocean_menu_link_color":"","ocean_menu_link_color_hover":"","ocean_menu_link_color_active":"","ocean_menu_link_background":"","ocean_menu_link_hover_background":"","ocean_menu_link_active_background":"","ocean_menu_social_links_bg":"","ocean_menu_social_hover_links_bg":"","ocean_menu_social_links_color":"","ocean_menu_social_hover_links_color":"","ocean_disable_title":"default","ocean_disable_heading":"default","ocean_post_title":"","ocean_post_subheading":"","ocean_post_title_style":"","ocean_post_title_background_color":"","ocean_post_title_background":0,"ocean_post_title_bg_image_position":"","ocean_post_title_bg_image_attachment":"","ocean_post_title_bg_image_repeat":"","ocean_post_title_bg_image_size":"","ocean_post_title_height":0,"ocean_post_title_bg_overlay":0.5,"ocean_post_title_bg_overlay_color":"","ocean_disable_breadcrumbs":"default","ocean_breadcrumbs_color":"","ocean_breadcrumbs_separator_color":"","ocean_breadcrumbs_links_color":"","ocean_breadcrumbs_links_hover_color":"","ocean_display_footer_widgets":"default","ocean_display_footer_bottom":"default","ocean_custom_footer_template":"","ofc_enable_fullscreen":"disable","ofc_fullscreen_speed":0,"ofc_fullscreen_nav":"enable","ofc_fullscreen_nav_pos":"right","ofc_fullscreen_nav_color":"","ofc_fullscreen_nav_tooltip_color":"","ofc_fullscreen_responsive":0,"osh_disable_topbar_sticky":"default","osh_disable_header_sticky":"default","osh_sticky_header_style":"default","osh_sticky_header_effect":"","osh_custom_sticky_logo":0,"osh_custom_retina_sticky_logo":0,"osh_custom_sticky_logo_height":0,"osh_background_color":"","osh_links_color":"","osh_links_hover_color":"","osh_links_active_color":"","osh_links_bg_color":"","osh_links_hover_bg_color":"","osh_links_active_bg_color":"","osh_menu_social_links_color":"","osh_menu_social_hover_links_color":"","footnotes":""},"class_list":["post-8008","page","type-page","status-publish","hentry","entry"],"_links":{"self":[{"href":"https:\/\/creazen.fr\/index.php\/wp-json\/wp\/v2\/pages\/8008","targetHints":{"allow":["GET"]}}],"collection":[{"href":"https:\/\/creazen.fr\/index.php\/wp-json\/wp\/v2\/pages"}],"about":[{"href":"https:\/\/creazen.fr\/index.php\/wp-json\/wp\/v2\/types\/page"}],"author":[{"embeddable":true,"href":"https:\/\/creazen.fr\/index.php\/wp-json\/wp\/v2\/users\/1"}],"replies":[{"embeddable":true,"href":"https:\/\/creazen.fr\/index.php\/wp-json\/wp\/v2\/comments?post=8008"}],"version-history":[{"count":10,"href":"https:\/\/creazen.fr\/index.php\/wp-json\/wp\/v2\/pages\/8008\/revisions"}],"predecessor-version":[{"id":8495,"href":"https:\/\/creazen.fr\/index.php\/wp-json\/wp\/v2\/pages\/8008\/revisions\/8495"}],"wp:attachment":[{"href":"https:\/\/creazen.fr\/index.php\/wp-json\/wp\/v2\/media?parent=8008"}],"curies":[{"name":"wp","href":"https:\/\/api.w.org\/{rel}","templated":true}]}}